{"id":1139,"date":"2025-11-21T15:41:31","date_gmt":"2025-11-21T14:41:31","guid":{"rendered":"https:\/\/test.ux-by-daria.de\/?page_id=1139"},"modified":"2026-02-26T11:29:26","modified_gmt":"2026-02-26T10:29:26","slug":"projekt-sts","status":"publish","type":"page","link":"https:\/\/test.ux-by-daria.de\/?page_id=1139","title":{"rendered":"Projekt: Website &#8211; Redesign 1"},"content":{"rendered":"\t\t<div data-elementor-type=\"wp-page\" data-elementor-id=\"1139\" class=\"elementor elementor-1139\" data-elementor-post-type=\"page\">\n\t\t\t\t<div class=\"elementor-element elementor-element-74b92e9a Hintergrund_3 e-flex e-con-boxed e-con e-parent\" data-id=\"74b92e9a\" data-element_type=\"container\" data-e-type=\"container\" data-settings=\"{&quot;background_background&quot;:&quot;classic&quot;}\">\n\t\t\t\t\t<div class=\"e-con-inner\">\n\t\t<div class=\"elementor-element elementor-element-536c9b07 e-con-full e-flex e-con e-child\" data-id=\"536c9b07\" data-element_type=\"container\" data-e-type=\"container\">\n\t\t\t\t<div class=\"elementor-element elementor-element-43b03031 elementor-widget elementor-widget-heading\" data-id=\"43b03031\" data-element_type=\"widget\" data-e-type=\"widget\" data-widget_type=\"heading.default\">\n\t\t\t\t\t<h2 class=\"elementor-heading-title elementor-size-default\">Logistik neu gedacht: Ein frischer Look f\u00fcr 30 Jahre Erfahrung<\/h2>\t\t\t\t<\/div>\n\t\t\t\t<div class=\"elementor-element elementor-element-74f4eb84 elementor-align-right elementor-mobile-align-right elementor-widget elementor-widget-button\" data-id=\"74f4eb84\" data-element_type=\"widget\" data-e-type=\"widget\" data-widget_type=\"button.default\">\n\t\t\t\t\t\t\t\t\t\t<a class=\"elementor-button elementor-button-link elementor-size-sm\" href=\"https:\/\/gpe62zct.projekt-mappe.de\/\" target=\"_blank\" rel=\"noopener noreferrer nofollow\">\n\t\t\t\t\t\t<span class=\"elementor-button-content-wrapper\">\n\t\t\t\t\t\t<span class=\"elementor-button-icon\">\n\t\t\t\t<svg aria-hidden=\"true\" class=\"e-font-icon-svg e-fas-external-link-alt\" viewBox=\"0 0 512 512\" xmlns=\"http:\/\/www.w3.org\/2000\/svg\"><path d=\"M432,320H400a16,16,0,0,0-16,16V448H64V128H208a16,16,0,0,0,16-16V80a16,16,0,0,0-16-16H48A48,48,0,0,0,0,112V464a48,48,0,0,0,48,48H400a48,48,0,0,0,48-48V336A16,16,0,0,0,432,320ZM488,0h-128c-21.37,0-32.05,25.91-17,41l35.73,35.73L135,320.37a24,24,0,0,0,0,34L157.67,377a24,24,0,0,0,34,0L435.28,133.32,471,169c15,15,41,4.5,41-17V24A24,24,0,0,0,488,0Z\"><\/path><\/svg>\t\t\t<\/span>\n\t\t\t\t\t\t\t\t\t<span class=\"elementor-button-text\">zur Webseite<\/span>\n\t\t\t\t\t<\/span>\n\t\t\t\t\t<\/a>\n\t\t\t\t\t\t\t\t<\/div>\n\t\t\t\t<\/div>\n\t\t<div class=\"elementor-element elementor-element-678f4e23 e-con-full e-flex e-con e-child\" data-id=\"678f4e23\" data-element_type=\"container\" data-e-type=\"container\" data-settings=\"{&quot;background_background&quot;:&quot;classic&quot;,&quot;position&quot;:&quot;absolute&quot;}\">\n\t\t\t\t<\/div>\n\t\t\t\t\t<\/div>\n\t\t\t\t<\/div>\n\t\t<div class=\"elementor-element elementor-element-5e108624 e-flex e-con-boxed e-con e-parent\" data-id=\"5e108624\" data-element_type=\"container\" data-e-type=\"container\">\n\t\t\t\t\t<div class=\"e-con-inner\">\n\t\t<div class=\"elementor-element elementor-element-497746d3 e-con-full e-flex e-con e-child\" data-id=\"497746d3\" data-element_type=\"container\" data-e-type=\"container\">\n\t\t\t\t<div class=\"elementor-element elementor-element-d0ae118 elementor-widget-tablet__width-inherit elementor-widget elementor-widget-heading\" data-id=\"d0ae118\" data-element_type=\"widget\" data-e-type=\"widget\" data-widget_type=\"heading.default\">\n\t\t\t\t\t<h2 class=\"elementor-heading-title elementor-size-default\">Wer ist das Unternehmen?<\/h2>\t\t\t\t<\/div>\n\t\t\t\t<div class=\"elementor-element elementor-element-78cbc58 elementor-widget elementor-widget-text-editor\" data-id=\"78cbc58\" data-element_type=\"widget\" data-e-type=\"widget\" data-widget_type=\"text-editor.default\">\n\t\t\t\t\t\t\t\t\t<p>Hinter <em>Lorem Ipsum Dolor<\/em> steht ein familiengef\u00fchrtes Unternehmen, das seit \u00fcber drei\u00dfig Jahren zeigt, wie moderne Logistik gelebt wird. Was einst als klassische Spedition begann, hat sich zu einem echten Spezialisten f\u00fcr anspruchsvolle Lagerl\u00f6sungen entwickelt. Ganz neu hinzugekommen ist eine eigene Tankstelle direkt am Firmensitz \u2013 ein Herzensprojekt, das dem Unternehmen besonders am Herzen liegt.<\/p>\t\t\t\t\t\t\t\t<\/div>\n\t\t\t\t<\/div>\n\t\t<div class=\"elementor-element elementor-element-1ae679d1 e-con-full e-flex e-con e-child\" data-id=\"1ae679d1\" data-element_type=\"container\" data-e-type=\"container\">\n\t\t<div class=\"elementor-element elementor-element-e294331 e-con-full e-flex e-con e-child\" data-id=\"e294331\" data-element_type=\"container\" data-e-type=\"container\" data-settings=\"{&quot;background_background&quot;:&quot;classic&quot;,&quot;position&quot;:&quot;absolute&quot;}\">\n\t\t\t\t<\/div>\n\t\t<div class=\"elementor-element elementor-element-6aea21d1 e-con-full e-flex e-con e-child\" data-id=\"6aea21d1\" data-element_type=\"container\" data-e-type=\"container\" data-settings=\"{&quot;background_background&quot;:&quot;classic&quot;,&quot;position&quot;:&quot;absolute&quot;}\">\n\t\t\t\t<\/div>\n\t\t\t\t<\/div>\n\t\t\t\t\t<\/div>\n\t\t\t\t<\/div>\n\t\t<div class=\"elementor-element elementor-element-2b0ac0e4 e-flex e-con-boxed e-con e-parent\" data-id=\"2b0ac0e4\" data-element_type=\"container\" data-e-type=\"container\">\n\t\t\t\t\t<div class=\"e-con-inner\">\n\t\t\t\t<div class=\"elementor-element elementor-element-58773396 elementor-widget elementor-widget-heading\" data-id=\"58773396\" data-element_type=\"widget\" data-e-type=\"widget\" data-widget_type=\"heading.default\">\n\t\t\t\t\t<h2 class=\"elementor-heading-title elementor-size-default\">Was waren die Ziele?<\/h2>\t\t\t\t<\/div>\n\t\t\t\t<div class=\"elementor-element elementor-element-c5f68ba elementor-widget__width-initial elementor-widget elementor-widget-text-editor\" data-id=\"c5f68ba\" data-element_type=\"widget\" data-e-type=\"widget\" data-widget_type=\"text-editor.default\">\n\t\t\t\t\t\t\t\t\t<p>Die Branche gilt oft als eher konservativ, wenn es um ihren Au\u00dfenauftritt geht \u2013 besonders im Webdesign. Viele Seiten wirken, als w\u00e4ren sie in den 90ern oder fr\u00fchen 2010ern stehen geblieben. Genau hier setzte mein Auftrag an: Eine moderne, mutige Website zu entwickeln, die frischer wirkt, ohne die Bodenst\u00e4ndigkeit und Erfahrung aus drei Jahrzehnten Logistik zu verlieren.<\/p><p>\u00a0<\/p><p>Die gr\u00f6\u00dfte Herausforderung lag darin, beide Gesch\u00e4ftsbereiche klar zu strukturieren und dennoch harmonisch miteinander zu verbinden. Der Logistikbereich und die neue Tankstelle sollten jeweils ihren eigenen Raum bekommen \u2013 mit separaten Landingpages, die ihre Besonderheiten sichtbar machen. Gleichzeitig war wichtig, dass beide Angebote als Teil eines gemeinsamen Unternehmensauftritts erkennbar bleiben und sich f\u00fcr Besucher intuitiv erschlie\u00dfen.<\/p>\t\t\t\t\t\t\t\t<\/div>\n\t\t<div class=\"elementor-element elementor-element-1611f3ab e-con-full e-flex e-con e-child\" data-id=\"1611f3ab\" data-element_type=\"container\" data-e-type=\"container\">\n\t\t<div class=\"elementor-element elementor-element-3d49bcda e-con-full e-flex e-con e-child\" data-id=\"3d49bcda\" data-element_type=\"container\" data-e-type=\"container\">\n\t\t\t\t<div class=\"elementor-element elementor-element-3daa99b8 elementor-widget elementor-widget-icon-box\" data-id=\"3daa99b8\" data-element_type=\"widget\" data-e-type=\"widget\" data-widget_type=\"icon-box.default\">\n\t\t\t\t\t\t\t<div class=\"elementor-icon-box-wrapper\">\n\n\t\t\t\n\t\t\t\t\t\t<div class=\"elementor-icon-box-content\">\n\n\t\t\t\t\t\t\t\t\t<h3 class=\"elementor-icon-box-title\">\n\t\t\t\t\t\t<span  >\n\t\t\t\t\t\t\tAlles an seinem Platz\t\t\t\t\t\t<\/span>\n\t\t\t\t\t<\/h3>\n\t\t\t\t\n\t\t\t\t\t\t\t\t\t<p class=\"elementor-icon-box-description\">\n\t\t\t\t\t\tDamit sich niemand auf der Seite verirrt, hat die Tankstelle eine eigene Landingpage bekommen. So erhalten Autofahrer alle wichtigen Informationen auf einen Blick, w\u00e4hrend Logistik\u2011Kunden gezielt zu den fachlichen Details gef\u00fchrt werden \u2013 klar getrennt, aber ohne dass sich beide Bereiche gegenseitig im Weg stehen.\t\t\t\t\t<\/p>\n\t\t\t\t\n\t\t\t<\/div>\n\t\t\t\n\t\t<\/div>\n\t\t\t\t\t\t<\/div>\n\t\t\t\t<div class=\"elementor-element elementor-element-391e78d7 elementor-widget elementor-widget-icon-box\" data-id=\"391e78d7\" data-element_type=\"widget\" data-e-type=\"widget\" data-widget_type=\"icon-box.default\">\n\t\t\t\t\t\t\t<div class=\"elementor-icon-box-wrapper\">\n\n\t\t\t\n\t\t\t\t\t\t<div class=\"elementor-icon-box-content\">\n\n\t\t\t\t\t\t\t\t\t<h3 class=\"elementor-icon-box-title\">\n\t\t\t\t\t\t<span  >\n\t\t\t\t\t\t\tVertrauen durch Design\t\t\t\t\t\t<\/span>\n\t\t\t\t\t<\/h3>\n\t\t\t\t\n\t\t\t\t\t\t\t\t\t<p class=\"elementor-icon-box-description\">\n\t\t\t\t\t\tIch habe den Fokus bewusst von langen Textbl\u00f6cken hin zu einer klaren, einladenden Bildsprache verlagert. So entsteht schon auf den ersten Blick der Eindruck eines modernen, professionellen Unternehmens, das zeigt, dass Erfahrung und zeitgem\u00e4\u00dfer Auftritt wunderbar zusammenpassen.\t\t\t\t\t<\/p>\n\t\t\t\t\n\t\t\t<\/div>\n\t\t\t\n\t\t<\/div>\n\t\t\t\t\t\t<\/div>\n\t\t\t\t<\/div>\n\t\t<div class=\"elementor-element elementor-element-4a815c75 e-con-full e-flex e-con e-child\" data-id=\"4a815c75\" data-element_type=\"container\" data-e-type=\"container\" data-settings=\"{&quot;background_background&quot;:&quot;classic&quot;}\">\n\t\t\t\t<div class=\"elementor-element elementor-element-762c8d41 elementor-widget elementor-widget-icon-box\" data-id=\"762c8d41\" data-element_type=\"widget\" data-e-type=\"widget\" data-widget_type=\"icon-box.default\">\n\t\t\t\t\t\t\t<div class=\"elementor-icon-box-wrapper\">\n\n\t\t\t\n\t\t\t\t\t\t<div class=\"elementor-icon-box-content\">\n\n\t\t\t\t\t\t\t\t\t<h3 class=\"elementor-icon-box-title\">\n\t\t\t\t\t\t<span  >\n\t\t\t\t\t\t\t\u00dcberall ein gutes Bild durch Responsivit\u00e4t\t\t\t\t\t\t<\/span>\n\t\t\t\t\t<\/h3>\n\t\t\t\t\n\t\t\t\t\t\t\t\t\t<p class=\"elementor-icon-box-description\">\n\t\t\t\t\t\tOb am gro\u00dfen Monitor im B\u00fcro oder schnell auf dem Handy auf dem Rastplatz \u2013 die Seite passt sich jeder Situation m\u00fchelos an und bleibt jederzeit leicht zu bedienen. So f\u00fchlt sich der Auftritt \u00fcberall gleich intuitiv und zuverl\u00e4ssig an.\t\t\t\t\t<\/p>\n\t\t\t\t\n\t\t\t<\/div>\n\t\t\t\n\t\t<\/div>\n\t\t\t\t\t\t<\/div>\n\t\t\t\t<div class=\"elementor-element elementor-element-79bf03e elementor-widget elementor-widget-icon-box\" data-id=\"79bf03e\" data-element_type=\"widget\" data-e-type=\"widget\" data-widget_type=\"icon-box.default\">\n\t\t\t\t\t\t\t<div class=\"elementor-icon-box-wrapper\">\n\n\t\t\t\n\t\t\t\t\t\t<div class=\"elementor-icon-box-content\">\n\n\t\t\t\t\t\t\t\t\t<h3 class=\"elementor-icon-box-title\">\n\t\t\t\t\t\t<span  >\n\t\t\t\t\t\t\tEin rundes Nutzererlebnis\t\t\t\t\t\t<\/span>\n\t\t\t\t\t<\/h3>\n\t\t\t\t\n\t\t\t\t\t\t\t\t\t<p class=\"elementor-icon-box-description\">\n\t\t\t\t\t\tF\u00fcr das Kontaktformular entstand zus\u00e4tzlich ein stimmiger Abschluss des gesamten Anfrageprozesses: Das Sendebest\u00e4tigungs\u2011Popup und die dazugeh\u00f6rigen Best\u00e4tigungsmails wurden optisch an die Website angepasst, sodass Interessenten sofort eine klare R\u00fcckmeldung erhalten \u2013 sowohl direkt auf der Seite als auch in ihrem Postfach. Dadurch wirkt der Ablauf rund, vertrauensw\u00fcrdig und deutlich nutzerfreundlicher.\t\t\t\t\t<\/p>\n\t\t\t\t\n\t\t\t<\/div>\n\t\t\t\n\t\t<\/div>\n\t\t\t\t\t\t<\/div>\n\t\t\t\t<\/div>\n\t\t\t\t<\/div>\n\t\t\t\t\t<\/div>\n\t\t\t\t<\/div>\n\t\t\t\t<\/div>\n\t\t","protected":false},"excerpt":{"rendered":"<p>Logistik neu gedacht: Ein frischer Look f\u00fcr 30 Jahre Erfahrung zur Webseite Wer ist das Unternehmen? Hinter Lorem Ipsum Dolor steht ein familiengef\u00fchrtes Unternehmen, das seit \u00fcber drei\u00dfig Jahren zeigt, wie moderne Logistik gelebt wird. Was einst als klassische Spedition begann, hat sich zu einem echten Spezialisten f\u00fcr anspruchsvolle Lagerl\u00f6sungen entwickelt. Ganz neu hinzugekommen ist [&hellip;]<\/p>\n","protected":false},"author":2,"featured_media":1599,"parent":0,"menu_order":0,"comment_status":"closed","ping_status":"closed","template":"","meta":{"footnotes":""},"class_list":["post-1139","page","type-page","status-publish","has-post-thumbnail","hentry"],"_links":{"self":[{"href":"https:\/\/test.ux-by-daria.de\/index.php?rest_route=\/wp\/v2\/pages\/1139","targetHints":{"allow":["GET"]}}],"collection":[{"href":"https:\/\/test.ux-by-daria.de\/index.php?rest_route=\/wp\/v2\/pages"}],"about":[{"href":"https:\/\/test.ux-by-daria.de\/index.php?rest_route=\/wp\/v2\/types\/page"}],"author":[{"embeddable":true,"href":"https:\/\/test.ux-by-daria.de\/index.php?rest_route=\/wp\/v2\/users\/2"}],"replies":[{"embeddable":true,"href":"https:\/\/test.ux-by-daria.de\/index.php?rest_route=%2Fwp%2Fv2%2Fcomments&post=1139"}],"version-history":[{"count":10,"href":"https:\/\/test.ux-by-daria.de\/index.php?rest_route=\/wp\/v2\/pages\/1139\/revisions"}],"predecessor-version":[{"id":3048,"href":"https:\/\/test.ux-by-daria.de\/index.php?rest_route=\/wp\/v2\/pages\/1139\/revisions\/3048"}],"wp:featuredmedia":[{"embeddable":true,"href":"https:\/\/test.ux-by-daria.de\/index.php?rest_route=\/wp\/v2\/media\/1599"}],"wp:attachment":[{"href":"https:\/\/test.ux-by-daria.de\/index.php?rest_route=%2Fwp%2Fv2%2Fmedia&parent=1139"}],"curies":[{"name":"wp","href":"https:\/\/api.w.org\/{rel}","templated":true}]}}