{"id":1294,"date":"2025-11-25T13:24:33","date_gmt":"2025-11-25T12:24:33","guid":{"rendered":"https:\/\/test.ux-by-daria.de\/?page_id=1294"},"modified":"2026-02-25T16:48:54","modified_gmt":"2026-02-25T15:48:54","slug":"projekt-dlf-app","status":"publish","type":"page","link":"https:\/\/test.ux-by-daria.de\/?page_id=1294","title":{"rendered":"Studienprojekt &#8211; Redesign"},"content":{"rendered":"\t\t<div data-elementor-type=\"wp-page\" data-elementor-id=\"1294\" class=\"elementor elementor-1294\" data-elementor-post-type=\"page\">\n\t\t\t\t<div class=\"elementor-element elementor-element-203904b2 e-con-full e-flex e-con e-parent\" data-id=\"203904b2\" data-element_type=\"container\" data-e-type=\"container\" data-settings=\"{&quot;background_background&quot;:&quot;classic&quot;}\">\n\t\t\t\t<\/div>\n\t\t<div class=\"elementor-element elementor-element-5997447a e-flex e-con-boxed e-con e-parent\" data-id=\"5997447a\" data-element_type=\"container\" data-e-type=\"container\">\n\t\t\t\t\t<div class=\"e-con-inner\">\n\t\t\t\t<div class=\"elementor-element elementor-element-308e3a2 elementor-widget elementor-widget-heading\" data-id=\"308e3a2\" data-element_type=\"widget\" data-e-type=\"widget\" data-widget_type=\"heading.default\">\n\t\t\t\t\t<h4 class=\"elementor-heading-title elementor-size-default\">Studienprojekt<\/h4>\t\t\t\t<\/div>\n\t\t\t\t<div class=\"elementor-element elementor-element-438addcb elementor-widget__width-initial elementor-widget elementor-widget-heading\" data-id=\"438addcb\" data-element_type=\"widget\" data-e-type=\"widget\" data-widget_type=\"heading.default\">\n\t\t\t\t\t<h2 class=\"elementor-heading-title elementor-size-default\">Deutschland funk App - Redesign<\/h2>\t\t\t\t<\/div>\n\t\t\t\t\t<\/div>\n\t\t\t\t<\/div>\n\t\t<div class=\"elementor-element elementor-element-650beb39 e-flex e-con-boxed e-con e-parent\" data-id=\"650beb39\" data-element_type=\"container\" data-e-type=\"container\">\n\t\t\t\t\t<div class=\"e-con-inner\">\n\t\t<div class=\"elementor-element elementor-element-326bc307 e-con-full e-flex e-con e-child\" data-id=\"326bc307\" data-element_type=\"container\" data-e-type=\"container\">\n\t\t\t\t<div class=\"elementor-element elementor-element-31875aa9 elementor-widget elementor-widget-text-editor\" data-id=\"31875aa9\" data-element_type=\"widget\" data-e-type=\"widget\" data-widget_type=\"text-editor.default\">\n\t\t\t\t\t\t\t\t\t<p>Das Projekt entstand im Rahmen einer Gruppenarbeit im Sommersemester 2020. Ziel war es den \u00f6ffentlich-rechtlichen Radiosender f\u00fcr eine j\u00fcngere Zielgruppe interessanter zu machen.<\/p>\t\t\t\t\t\t\t\t<\/div>\n\t\t\t\t<div class=\"elementor-element elementor-element-1593509 elementor-widget elementor-widget-heading\" data-id=\"1593509\" data-element_type=\"widget\" data-e-type=\"widget\" data-widget_type=\"heading.default\">\n\t\t\t\t\t<h2 class=\"elementor-heading-title elementor-size-default\">Analyse<\/h2>\t\t\t\t<\/div>\n\t\t\t\t<div class=\"elementor-element elementor-element-e17bd1b elementor-widget elementor-widget-text-editor\" data-id=\"e17bd1b\" data-element_type=\"widget\" data-e-type=\"widget\" data-widget_type=\"text-editor.default\">\n\t\t\t\t\t\t\t\t\t<p>Eine Analyse der alten Deutschlandfunk App ergab, dass das Design (unteranderem) durch die doppelte Men\u00fcf\u00fchrung \u00fcberladen und verwirrend erscheint. Beispiel: unter \u201cMein Radio\u201d gelangt man in einen Themenkatalog und die Live\u00fcbertragung startet man im oberem Men\u00fc von \u201cEntdecken\u201d.<\/p><p>Au\u00dferdem ist uns aufgefallen, dass es zwar eine farbliche und thematische Unterteilung des Senderprogrammes gibt, diese aber inkonsistent genutzt wird.<\/p>\t\t\t\t\t\t\t\t<\/div>\n\t\t\t\t<\/div>\n\t\t<div class=\"elementor-element elementor-element-1fa74854 e-con-full e-flex e-con e-child\" data-id=\"1fa74854\" data-element_type=\"container\" data-e-type=\"container\" data-settings=\"{&quot;background_background&quot;:&quot;classic&quot;}\">\n\t\t\t\t<div class=\"elementor-element elementor-element-1e170c4 elementor-widget elementor-widget-image\" data-id=\"1e170c4\" data-element_type=\"widget\" data-e-type=\"widget\" data-widget_type=\"image.default\">\n\t\t\t\t\t\t\t\t\t\t\t\t\t\t\t<img fetchpriority=\"high\" decoding=\"async\" width=\"800\" height=\"498\" src=\"https:\/\/test.ux-by-daria.de\/wp-content\/uploads\/2025\/12\/original_screens-1024x638.png\" class=\"attachment-large size-large wp-image-1962\" alt=\"\" srcset=\"https:\/\/test.ux-by-daria.de\/wp-content\/uploads\/2025\/12\/original_screens-1024x638.png 1024w, https:\/\/test.ux-by-daria.de\/wp-content\/uploads\/2025\/12\/original_screens-300x187.png 300w, https:\/\/test.ux-by-daria.de\/wp-content\/uploads\/2025\/12\/original_screens-768x479.png 768w, https:\/\/test.ux-by-daria.de\/wp-content\/uploads\/2025\/12\/original_screens-1536x957.png 1536w, https:\/\/test.ux-by-daria.de\/wp-content\/uploads\/2025\/12\/original_screens.png 1980w\" sizes=\"(max-width: 800px) 100vw, 800px\" \/>\t\t\t\t\t\t\t\t\t\t\t\t\t\t\t<\/div>\n\t\t\t\t<div class=\"elementor-element elementor-element-ebb00fb elementor-widget elementor-widget-image\" data-id=\"ebb00fb\" data-element_type=\"widget\" data-e-type=\"widget\" data-widget_type=\"image.default\">\n\t\t\t\t\t\t\t\t\t\t\t\t\t\t\t<img decoding=\"async\" width=\"800\" height=\"184\" src=\"https:\/\/test.ux-by-daria.de\/wp-content\/uploads\/2025\/12\/farben-1024x235.png\" class=\"attachment-large size-large wp-image-1960\" alt=\"\" srcset=\"https:\/\/test.ux-by-daria.de\/wp-content\/uploads\/2025\/12\/farben-1024x235.png 1024w, https:\/\/test.ux-by-daria.de\/wp-content\/uploads\/2025\/12\/farben-300x69.png 300w, https:\/\/test.ux-by-daria.de\/wp-content\/uploads\/2025\/12\/farben-768x177.png 768w, https:\/\/test.ux-by-daria.de\/wp-content\/uploads\/2025\/12\/farben.png 1214w\" sizes=\"(max-width: 800px) 100vw, 800px\" \/>\t\t\t\t\t\t\t\t\t\t\t\t\t\t\t<\/div>\n\t\t\t\t<\/div>\n\t\t\t\t\t<\/div>\n\t\t\t\t<\/div>\n\t\t<div class=\"elementor-element elementor-element-605adce5 e-flex e-con-boxed e-con e-parent\" data-id=\"605adce5\" data-element_type=\"container\" data-e-type=\"container\">\n\t\t\t\t\t<div class=\"e-con-inner\">\n\t\t<div class=\"elementor-element elementor-element-4293e8f6 e-con-full e-flex e-con e-child\" data-id=\"4293e8f6\" data-element_type=\"container\" data-e-type=\"container\" data-settings=\"{&quot;background_background&quot;:&quot;classic&quot;}\">\n\t\t\t\t<\/div>\n\t\t<div class=\"elementor-element elementor-element-240f74f5 e-con-full e-flex e-con e-child\" data-id=\"240f74f5\" data-element_type=\"container\" data-e-type=\"container\">\n\t\t\t\t<div class=\"elementor-element elementor-element-d91c1b2 elementor-widget elementor-widget-heading\" data-id=\"d91c1b2\" data-element_type=\"widget\" data-e-type=\"widget\" data-widget_type=\"heading.default\">\n\t\t\t\t\t<h2 class=\"elementor-heading-title elementor-size-default\">Entw\u00fcrfe<\/h2>\t\t\t\t<\/div>\n\t\t\t\t<div class=\"elementor-element elementor-element-12d06517 elementor-widget elementor-widget-text-editor\" data-id=\"12d06517\" data-element_type=\"widget\" data-e-type=\"widget\" data-widget_type=\"text-editor.default\">\n\t\t\t\t\t\t\t\t\t<p>Unsere Aufgabenstellung besagte, dass die App ein j\u00fcngeres Publikum anziehen sollte. Wir wollten dabei aber auch darauf achten, die \u00e4lteren Nutzer ebenfalls zu ber\u00fccksichtigen, um die Bedienbarkeit nicht zu erschweren.<\/p>\t\t\t\t\t\t\t\t<\/div>\n\t\t\t\t<\/div>\n\t\t\t\t\t<\/div>\n\t\t\t\t<\/div>\n\t\t<div class=\"elementor-element elementor-element-6f4bd01 e-flex e-con-boxed e-con e-parent\" data-id=\"6f4bd01\" data-element_type=\"container\" data-e-type=\"container\">\n\t\t\t\t\t<div class=\"e-con-inner\">\n\t\t<div class=\"elementor-element elementor-element-837e9b7 e-con-full e-flex e-con e-child\" data-id=\"837e9b7\" data-element_type=\"container\" data-e-type=\"container\">\n\t\t\t\t<div class=\"elementor-element elementor-element-31ef1d8 elementor-widget elementor-widget-heading\" data-id=\"31ef1d8\" data-element_type=\"widget\" data-e-type=\"widget\" data-widget_type=\"heading.default\">\n\t\t\t\t\t<h2 class=\"elementor-heading-title elementor-size-default\">Redesign<\/h2>\t\t\t\t<\/div>\n\t\t\t\t<div class=\"elementor-element elementor-element-729f7a7 elementor-widget elementor-widget-text-editor\" data-id=\"729f7a7\" data-element_type=\"widget\" data-e-type=\"widget\" data-widget_type=\"text-editor.default\">\n\t\t\t\t\t\t\t\t\t<div class=\"wp-block-column is-vertically-aligned-center is-style-frameword-rounded-borders-20 has-custom-color-4-background-color has-background is-layout-flow wp-block-column-is-layout-flow\"><p>Wir wollten die farblichen Unterteilungen mehr einbinden und haben verschiedene Anwendungsm\u00f6glichkeiten ausprobiert. Im Entwurfsprozess sind wir zu dem Schluss gekommen, dass es vorteilhafter w\u00e4re die CI Farben etwas aufzuhellen, um einen bessere Lesbarkeit von Schrift auf farbigem Hintergrund zu erm\u00f6glichen. Aus Zeitgr\u00fcnden haben wir nur eine helle Version der App gestaltet.<\/p><\/div><div class=\"wp-block-column is-vertically-aligned-center is-layout-flow wp-block-column-is-layout-flow\"><figure class=\"wp-block-image size-large\"><\/figure><\/div>\t\t\t\t\t\t\t\t<\/div>\n\t\t\t\t<\/div>\n\t\t<div class=\"elementor-element elementor-element-05e74a9 e-con-full e-flex e-con e-child\" data-id=\"05e74a9\" data-element_type=\"container\" data-e-type=\"container\" data-settings=\"{&quot;background_background&quot;:&quot;classic&quot;}\">\n\t\t\t\t<\/div>\n\t\t\t\t\t<\/div>\n\t\t\t\t<\/div>\n\t\t<div class=\"elementor-element elementor-element-3245f221 e-con-full e-flex e-con e-parent\" data-id=\"3245f221\" data-element_type=\"container\" data-e-type=\"container\" data-settings=\"{&quot;background_background&quot;:&quot;classic&quot;}\">\n\t\t\t\t<\/div>\n\t\t<div class=\"elementor-element elementor-element-0d848c0 e-con-full e-flex e-con e-parent\" data-id=\"0d848c0\" data-element_type=\"container\" data-e-type=\"container\" data-settings=\"{&quot;background_background&quot;:&quot;classic&quot;}\">\n\t\t\t\t<\/div>\n\t\t\t\t<\/div>\n\t\t","protected":false},"excerpt":{"rendered":"<p>Studienprojekt Deutschland funk App &#8211; Redesign Das Projekt entstand im Rahmen einer Gruppenarbeit im Sommersemester 2020. Ziel war es den \u00f6ffentlich-rechtlichen Radiosender f\u00fcr eine j\u00fcngere Zielgruppe interessanter zu machen. Analyse Eine Analyse der alten Deutschlandfunk App ergab, dass das Design (unteranderem) durch die doppelte Men\u00fcf\u00fchrung \u00fcberladen und verwirrend erscheint. Beispiel: unter \u201cMein Radio\u201d gelangt man [&hellip;]<\/p>\n","protected":false},"author":2,"featured_media":1291,"parent":0,"menu_order":0,"comment_status":"closed","ping_status":"closed","template":"","meta":{"footnotes":""},"class_list":["post-1294","page","type-page","status-publish","has-post-thumbnail","hentry"],"_links":{"self":[{"href":"https:\/\/test.ux-by-daria.de\/index.php?rest_route=\/wp\/v2\/pages\/1294","targetHints":{"allow":["GET"]}}],"collection":[{"href":"https:\/\/test.ux-by-daria.de\/index.php?rest_route=\/wp\/v2\/pages"}],"about":[{"href":"https:\/\/test.ux-by-daria.de\/index.php?rest_route=\/wp\/v2\/types\/page"}],"author":[{"embeddable":true,"href":"https:\/\/test.ux-by-daria.de\/index.php?rest_route=\/wp\/v2\/users\/2"}],"replies":[{"embeddable":true,"href":"https:\/\/test.ux-by-daria.de\/index.php?rest_route=%2Fwp%2Fv2%2Fcomments&post=1294"}],"version-history":[{"count":10,"href":"https:\/\/test.ux-by-daria.de\/index.php?rest_route=\/wp\/v2\/pages\/1294\/revisions"}],"predecessor-version":[{"id":3044,"href":"https:\/\/test.ux-by-daria.de\/index.php?rest_route=\/wp\/v2\/pages\/1294\/revisions\/3044"}],"wp:featuredmedia":[{"embeddable":true,"href":"https:\/\/test.ux-by-daria.de\/index.php?rest_route=\/wp\/v2\/media\/1291"}],"wp:attachment":[{"href":"https:\/\/test.ux-by-daria.de\/index.php?rest_route=%2Fwp%2Fv2%2Fmedia&parent=1294"}],"curies":[{"name":"wp","href":"https:\/\/api.w.org\/{rel}","templated":true}]}}